{"id":520,"date":"2024-01-10T15:20:55","date_gmt":"2024-01-10T15:20:55","guid":{"rendered":"https:\/\/kids.l33.hu\/?page_id=520"},"modified":"2025-03-22T18:49:26","modified_gmt":"2025-03-22T18:49:26","slug":"dr-bence-zsofia","status":"publish","type":"page","link":"https:\/\/kids.l33.hu\/en\/dr-bence-zsofia\/","title":{"rendered":"Dr Zs\u00f3fia Bence"},"content":{"rendered":"<div data-elementor-type=\"wp-page\" data-elementor-id=\"520\" class=\"elementor elementor-520\" data-elementor-post-type=\"page\">\n\t\t\t\t\t\t<section class=\"elementor-section elementor-top-section elementor-element elementor-element-51a9b044 elementor-section-full_width elementor-section-content-top elementor-section-height-default elementor-section-height-default\" data-id=\"51a9b044\" data-element_type=\"section\" data-e-type=\"section\" data-settings=\"{&quot;background_background&quot;:&quot;classic&quot;,&quot;shape_divider_bottom&quot;:&quot;mountains&quot;}\">\n\t\t\t\t\t\t\t<div class=\"elementor-background-overlay\"><\/div>\n\t\t\t\t\t\t<div class=\"elementor-shape elementor-shape-bottom\" aria-hidden=\"true\" data-negative=\"false\">\n\t\t\t<svg xmlns=\"http:\/\/www.w3.org\/2000\/svg\" viewbox=\"0 0 1000 100\" preserveaspectratio=\"none\">\n\t<path class=\"elementor-shape-fill\" opacity=\"0.33\" d=\"M473,67.3c-203.9,88.3-263.1-34-320.3,0C66,119.1,0,59.7,0,59.7V0h1000v59.7 c0,0-62.1,26.1-94.9,29.3c-32.8,3.3-62.8-12.3-75.8-22.1C806,49.6,745.3,8.7,694.9,4.7S492.4,59,473,67.3z\"\/>\n\t<path class=\"elementor-shape-fill\" opacity=\"0.66\" d=\"M734,67.3c-45.5,0-77.2-23.2-129.1-39.1c-28.6-8.7-150.3-10.1-254,39.1 s-91.7-34.4-149.2,0C115.7,118.3,0,39.8,0,39.8V0h1000v36.5c0,0-28.2-18.5-92.1-18.5C810.2,18.1,775.7,67.3,734,67.3z\"\/>\n\t<path class=\"elementor-shape-fill\" d=\"M766.1,28.9c-200-57.5-266,65.5-395.1,19.5C242,1.8,242,5.4,184.8,20.6C128,35.8,132.3,44.9,89.9,52.5C28.6,63.7,0,0,0,0 h1000c0,0-9.9,40.9-83.6,48.1S829.6,47,766.1,28.9z\"\/>\n<\/svg>\t\t<\/div>\n\t\t\t\t\t<div class=\"elementor-container elementor-column-gap-no\">\n\t\t\t\t\t<div class=\"elementor-column elementor-col-100 elementor-top-column elementor-element elementor-element-183cc0f9\" data-id=\"183cc0f9\" data-element_type=\"column\" data-e-type=\"column\" data-settings=\"{&quot;background_background&quot;:&quot;classic&quot;}\">\n\t\t\t<div class=\"elementor-widget-wrap elementor-element-populated\">\n\t\t\t\t\t\t<section class=\"elementor-section elementor-inner-section elementor-element elementor-element-36e0017 elementor-section-boxed elementor-section-height-default elementor-section-height-default\" data-id=\"36e0017\" data-element_type=\"section\" data-e-type=\"section\">\n\t\t\t\t\t\t<div class=\"elementor-container elementor-column-gap-default\">\n\t\t\t\t\t<div class=\"elementor-column elementor-col-50 elementor-inner-column elementor-element elementor-element-59567521\" data-id=\"59567521\" data-element_type=\"column\" data-e-type=\"column\" data-settings=\"{&quot;background_background&quot;:&quot;classic&quot;}\">\n\t\t\t<div class=\"elementor-widget-wrap elementor-element-populated\">\n\t\t\t\t\t\t<div class=\"elementor-element elementor-element-747118cb elementor-hidden-mobile elementor-widget elementor-widget-spacer\" data-id=\"747118cb\" data-element_type=\"widget\" data-e-type=\"widget\" data-widget_type=\"spacer.default\">\n\t\t\t\t<div class=\"elementor-widget-container\">\n\t\t\t\t\t\t\t<div class=\"elementor-spacer\">\n\t\t\t<div class=\"elementor-spacer-inner\"><\/div>\n\t\t<\/div>\n\t\t\t\t\t\t<\/div>\n\t\t\t\t<\/div>\n\t\t\t\t<div class=\"elementor-element elementor-element-386f769d elementor-widget elementor-widget-image\" data-id=\"386f769d\" data-element_type=\"widget\" data-e-type=\"widget\" data-widget_type=\"image.default\">\n\t\t\t\t<div class=\"elementor-widget-container\">\n\t\t\t\t\t\t\t\t\t\t\t\t\t\t\t<img fetchpriority=\"high\" decoding=\"async\" width=\"800\" height=\"293\" src=\"https:\/\/kids.l33.hu\/wp-content\/uploads\/2023\/08\/Asset-1@1000x-1024x375.webp\" class=\"attachment-large size-large wp-image-8\" alt=\"\" srcset=\"https:\/\/kids.l33.hu\/wp-content\/uploads\/2023\/08\/Asset-1@1000x-1024x375.webp 1024w, https:\/\/kids.l33.hu\/wp-content\/uploads\/2023\/08\/Asset-1@1000x-300x110.webp 300w, https:\/\/kids.l33.hu\/wp-content\/uploads\/2023\/08\/Asset-1@1000x-768x282.webp 768w, https:\/\/kids.l33.hu\/wp-content\/uploads\/2023\/08\/Asset-1@1000x-1536x563.webp 1536w, https:\/\/kids.l33.hu\/wp-content\/uploads\/2023\/08\/Asset-1@1000x.webp 1920w\" sizes=\"(max-width: 800px) 100vw, 800px\" \/>\t\t\t\t\t\t\t\t\t\t\t\t\t\t\t<\/div>\n\t\t\t\t<\/div>\n\t\t\t\t\t<\/div>\n\t\t<\/div>\n\t\t\t\t<div class=\"elementor-column elementor-col-50 elementor-inner-column elementor-element elementor-element-4077604e\" data-id=\"4077604e\" data-element_type=\"column\" data-e-type=\"column\">\n\t\t\t<div class=\"elementor-widget-wrap\">\n\t\t\t\t\t\t\t<\/div>\n\t\t<\/div>\n\t\t\t\t\t<\/div>\n\t\t<\/section>\n\t\t\t\t\t<\/div>\n\t\t<\/div>\n\t\t\t\t\t<\/div>\n\t\t<\/section>\n\t\t\t\t<section class=\"elementor-section elementor-top-section elementor-element elementor-element-db4cb49 elementor-section-boxed elementor-section-height-default elementor-section-height-default\" data-id=\"db4cb49\" data-element_type=\"section\" data-e-type=\"section\">\n\t\t\t\t\t\t<div class=\"elementor-container elementor-column-gap-no\">\n\t\t\t\t\t<div class=\"elementor-column elementor-col-16 elementor-top-column elementor-element elementor-element-7cfc8b6d\" data-id=\"7cfc8b6d\" data-element_type=\"column\" data-e-type=\"column\" data-settings=\"{&quot;background_background&quot;:&quot;classic&quot;}\">\n\t\t\t<div class=\"elementor-widget-wrap elementor-element-populated\">\n\t\t\t\t\t\t<div class=\"elementor-element elementor-element-7dff6f43 elementor-widget elementor-widget-spacer\" data-id=\"7dff6f43\" data-element_type=\"widget\" data-e-type=\"widget\" data-widget_type=\"spacer.default\">\n\t\t\t\t<div class=\"elementor-widget-container\">\n\t\t\t\t\t\t\t<div class=\"elementor-spacer\">\n\t\t\t<div class=\"elementor-spacer-inner\"><\/div>\n\t\t<\/div>\n\t\t\t\t\t\t<\/div>\n\t\t\t\t<\/div>\n\t\t\t\t\t<\/div>\n\t\t<\/div>\n\t\t\t\t<div class=\"elementor-column elementor-col-66 elementor-top-column elementor-element elementor-element-642fed21\" data-id=\"642fed21\" data-element_type=\"column\" data-e-type=\"column\" data-settings=\"{&quot;background_background&quot;:&quot;classic&quot;}\">\n\t\t\t<div class=\"elementor-widget-wrap elementor-element-populated\">\n\t\t\t\t\t\t<div class=\"elementor-element elementor-element-265bc20f elementor-nav-menu__align-center elementor-nav-menu__text-align-center elementor-nav-menu--dropdown-tablet elementor-nav-menu--toggle elementor-nav-menu--burger elementor-widget elementor-widget-nav-menu\" data-id=\"265bc20f\" data-element_type=\"widget\" data-e-type=\"widget\" data-settings=\"{&quot;layout&quot;:&quot;horizontal&quot;,&quot;submenu_icon&quot;:{&quot;value&quot;:&quot;&lt;svg class=\\&quot;e-font-icon-svg e-fas-caret-down\\&quot; viewBox=\\&quot;0 0 320 512\\&quot; xmlns=\\&quot;http:\\\/\\\/www.w3.org\\\/2000\\\/svg\\&quot;&gt;&lt;path d=\\&quot;M31.3 192h257.3c17.8 0 26.7 21.5 14.1 34.1L174.1 354.8c-7.8 7.8-20.5 7.8-28.3 0L17.2 226.1C4.6 213.5 13.5 192 31.3 192z\\&quot;&gt;&lt;\\\/path&gt;&lt;\\\/svg&gt;&quot;,&quot;library&quot;:&quot;fa-solid&quot;},&quot;toggle&quot;:&quot;burger&quot;}\" data-widget_type=\"nav-menu.default\">\n\t\t\t\t<div class=\"elementor-widget-container\">\n\t\t\t\t\t\t\t\t<nav aria-label=\"Menu\" class=\"elementor-nav-menu--main elementor-nav-menu__container elementor-nav-menu--layout-horizontal e--pointer-text e--animation-none\">\n\t\t\t\t<ul id=\"menu-1-265bc20f\" class=\"elementor-nav-menu\"><li class=\"menu-item menu-item-type-custom menu-item-object-custom menu-item-100\"><a href=\"https:\/\/kids.l33.hu\/en\/#rolunk\" class=\"elementor-item elementor-item-anchor\">About Us<\/a><\/li>\n<li class=\"menu-item menu-item-type-custom menu-item-object-custom menu-item-103\"><a href=\"https:\/\/kids.l33.hu\/en\/#orvosok\" class=\"elementor-item elementor-item-anchor\">Our Team<\/a><\/li>\n<li class=\"menu-item menu-item-type-custom menu-item-object-custom menu-item-101\"><a href=\"https:\/\/kids.l33.hu\/en\/#szolgaltatasok\" class=\"elementor-item elementor-item-anchor\">Our Services<\/a><\/li>\n<li class=\"menu-item menu-item-type-custom menu-item-object-custom menu-item-102\"><a href=\"https:\/\/kids.l33.hu\/en\/#velemenyek\" class=\"elementor-item elementor-item-anchor\">Reviews<\/a><\/li>\n<li class=\"menu-item menu-item-type-custom menu-item-object-custom menu-item-107\"><a href=\"https:\/\/l33kidsmedical.booked4.us\/public\/\" class=\"elementor-item\">Appointments<\/a><\/li>\n<li class=\"menu-item menu-item-type-custom menu-item-object-custom menu-item-108\"><a href=\"https:\/\/l33.hu\" class=\"elementor-item\">L33 Medical<\/a><\/li>\n<li class=\"trp-language-switcher-container menu-item menu-item-type-post_type menu-item-object-language_switcher current-language-menu-item menu-item-1583\"><a href=\"https:\/\/kids.l33.hu\/en\/wp-json\/wp\/v2\/pages\/520\" class=\"elementor-item elementor-item-anchor\"><span data-no-translation><img decoding=\"async\" class=\"trp-flag-image\" src=\"https:\/\/kids.l33.hu\/wp-content\/plugins\/translatepress-multilingual\/assets\/images\/flags\/hu_HU.png\" width=\"18\" height=\"12\" alt=\"hu_HU\" title=\"Hungarian\"><\/span><\/a><\/li>\n<\/ul>\t\t\t<\/nav>\n\t\t\t\t\t<div class=\"elementor-menu-toggle\" role=\"button\" tabindex=\"0\" aria-label=\"Menu Toggle\" aria-expanded=\"false\">\n\t\t\t<svg aria-hidden=\"true\" role=\"presentation\" class=\"elementor-menu-toggle__icon--open e-font-icon-svg e-eicon-menu-bar\" viewbox=\"0 0 1000 1000\" xmlns=\"http:\/\/www.w3.org\/2000\/svg\"><path d=\"M104 333H896C929 333 958 304 958 271S929 208 896 208H104C71 208 42 237 42 271S71 333 104 333ZM104 583H896C929 583 958 554 958 521S929 458 896 458H104C71 458 42 487 42 521S71 583 104 583ZM104 833H896C929 833 958 804 958 771S929 708 896 708H104C71 708 42 737 42 771S71 833 104 833Z\"><\/path><\/svg><svg aria-hidden=\"true\" role=\"presentation\" class=\"elementor-menu-toggle__icon--close e-font-icon-svg e-eicon-close\" viewbox=\"0 0 1000 1000\" xmlns=\"http:\/\/www.w3.org\/2000\/svg\"><path d=\"M742 167L500 408 258 167C246 154 233 150 217 150 196 150 179 158 167 167 154 179 150 196 150 212 150 229 154 242 171 254L408 500 167 742C138 771 138 800 167 829 196 858 225 858 254 829L496 587 738 829C750 842 767 846 783 846 800 846 817 842 829 829 842 817 846 804 846 783 846 767 842 750 829 737L588 500 833 258C863 229 863 200 833 171 804 137 775 137 742 167Z\"><\/path><\/svg>\t\t<\/div>\n\t\t\t\t\t<nav class=\"elementor-nav-menu--dropdown elementor-nav-menu__container\" aria-hidden=\"true\">\n\t\t\t\t<ul id=\"menu-2-265bc20f\" class=\"elementor-nav-menu\"><li class=\"menu-item menu-item-type-custom menu-item-object-custom menu-item-100\"><a href=\"https:\/\/kids.l33.hu\/en\/#rolunk\" class=\"elementor-item elementor-item-anchor\" tabindex=\"-1\">About Us<\/a><\/li>\n<li class=\"menu-item menu-item-type-custom menu-item-object-custom menu-item-103\"><a href=\"https:\/\/kids.l33.hu\/en\/#orvosok\" class=\"elementor-item elementor-item-anchor\" tabindex=\"-1\">Our Team<\/a><\/li>\n<li class=\"menu-item menu-item-type-custom menu-item-object-custom menu-item-101\"><a href=\"https:\/\/kids.l33.hu\/en\/#szolgaltatasok\" class=\"elementor-item elementor-item-anchor\" tabindex=\"-1\">Our Services<\/a><\/li>\n<li class=\"menu-item menu-item-type-custom menu-item-object-custom menu-item-102\"><a href=\"https:\/\/kids.l33.hu\/en\/#velemenyek\" class=\"elementor-item elementor-item-anchor\" tabindex=\"-1\">Reviews<\/a><\/li>\n<li class=\"menu-item menu-item-type-custom menu-item-object-custom menu-item-107\"><a href=\"https:\/\/l33kidsmedical.booked4.us\/public\/\" class=\"elementor-item\" tabindex=\"-1\">Appointments<\/a><\/li>\n<li class=\"menu-item menu-item-type-custom menu-item-object-custom menu-item-108\"><a href=\"https:\/\/l33.hu\" class=\"elementor-item\" tabindex=\"-1\">L33 Medical<\/a><\/li>\n<li class=\"trp-language-switcher-container menu-item menu-item-type-post_type menu-item-object-language_switcher current-language-menu-item menu-item-1583\"><a href=\"https:\/\/kids.l33.hu\/en\/wp-json\/wp\/v2\/pages\/520\" class=\"elementor-item elementor-item-anchor\" tabindex=\"-1\"><span data-no-translation><img decoding=\"async\" class=\"trp-flag-image\" src=\"https:\/\/kids.l33.hu\/wp-content\/plugins\/translatepress-multilingual\/assets\/images\/flags\/hu_HU.png\" width=\"18\" height=\"12\" alt=\"hu_HU\" title=\"Hungarian\"><\/span><\/a><\/li>\n<\/ul>\t\t\t<\/nav>\n\t\t\t\t\t\t<\/div>\n\t\t\t\t<\/div>\n\t\t\t\t\t<\/div>\n\t\t<\/div>\n\t\t\t\t<div class=\"elementor-column elementor-col-16 elementor-top-column elementor-element elementor-element-70cec4a0\" data-id=\"70cec4a0\" data-element_type=\"column\" data-e-type=\"column\" data-settings=\"{&quot;background_background&quot;:&quot;classic&quot;}\">\n\t\t\t<div class=\"elementor-widget-wrap\">\n\t\t\t\t\t\t\t<\/div>\n\t\t<\/div>\n\t\t\t\t\t<\/div>\n\t\t<\/section>\n\t\t\t\t<section class=\"elementor-section elementor-top-section elementor-element elementor-element-c663c4 elementor-section-boxed elementor-section-height-default elementor-section-height-default\" data-id=\"c663c4\" data-element_type=\"section\" data-e-type=\"section\" data-settings=\"{&quot;background_background&quot;:&quot;classic&quot;}\">\n\t\t\t\t\t\t<div class=\"elementor-container elementor-column-gap-default\">\n\t\t\t\t\t<div class=\"elementor-column elementor-col-50 elementor-top-column elementor-element elementor-element-6915cf96\" data-id=\"6915cf96\" data-element_type=\"column\" data-e-type=\"column\" data-settings=\"{&quot;background_background&quot;:&quot;classic&quot;}\">\n\t\t\t<div class=\"elementor-widget-wrap elementor-element-populated\">\n\t\t\t\t\t<div class=\"elementor-background-overlay\"><\/div>\n\t\t\t\t\t\t<div class=\"elementor-element elementor-element-24b624bf elementor-widget__width-auto elementor-absolute elementor-widget elementor-widget-image\" data-id=\"24b624bf\" data-element_type=\"widget\" data-e-type=\"widget\" data-settings=\"{&quot;_position&quot;:&quot;absolute&quot;}\" data-widget_type=\"image.default\">\n\t\t\t\t<div class=\"elementor-widget-container\">\n\t\t\t\t\t\t\t\t\t\t\t\t\t\t\t<img decoding=\"async\" width=\"855\" height=\"640\" src=\"https:\/\/kids.l33.hu\/wp-content\/uploads\/2023\/11\/cloud-hotair-balloon.png\" class=\"attachment-full size-full wp-image-321\" alt=\"\" srcset=\"https:\/\/kids.l33.hu\/wp-content\/uploads\/2023\/11\/cloud-hotair-balloon.png 855w, https:\/\/kids.l33.hu\/wp-content\/uploads\/2023\/11\/cloud-hotair-balloon-300x225.webp 300w, https:\/\/kids.l33.hu\/wp-content\/uploads\/2023\/11\/cloud-hotair-balloon-768x575.webp 768w\" sizes=\"(max-width: 855px) 100vw, 855px\" \/>\t\t\t\t\t\t\t\t\t\t\t\t\t\t\t<\/div>\n\t\t\t\t<\/div>\n\t\t\t\t\t<\/div>\n\t\t<\/div>\n\t\t\t\t<div class=\"elementor-column elementor-col-50 elementor-top-column elementor-element elementor-element-12ee2497\" data-id=\"12ee2497\" data-element_type=\"column\" data-e-type=\"column\">\n\t\t\t<div class=\"elementor-widget-wrap elementor-element-populated\">\n\t\t\t\t\t\t<div class=\"elementor-element elementor-element-68d9da37 elementor-widget elementor-widget-heading\" data-id=\"68d9da37\" data-element_type=\"widget\" data-e-type=\"widget\" data-widget_type=\"heading.default\">\n\t\t\t\t<div class=\"elementor-widget-container\">\n\t\t\t\t\t<h2 class=\"elementor-heading-title elementor-size-default\">Dr Zs\u00f3fia Bence<\/h2>\t\t\t\t<\/div>\n\t\t\t\t<\/div>\n\t\t\t\t<div class=\"elementor-element elementor-element-4960dd21 elementor-widget elementor-widget-heading\" data-id=\"4960dd21\" data-element_type=\"widget\" data-e-type=\"widget\" data-widget_type=\"heading.default\">\n\t\t\t\t<div class=\"elementor-widget-container\">\n\t\t\t\t\t<h3 class=\"elementor-heading-title elementor-size-default\">Gyermekorvos<\/h3>\t\t\t\t<\/div>\n\t\t\t\t<\/div>\n\t\t\t\t<div class=\"elementor-element elementor-element-2143f29b elementor-widget elementor-widget-image\" data-id=\"2143f29b\" data-element_type=\"widget\" data-e-type=\"widget\" data-widget_type=\"image.default\">\n\t\t\t\t<div class=\"elementor-widget-container\">\n\t\t\t\t\t\t\t\t\t\t\t\t\t\t\t<img loading=\"lazy\" decoding=\"async\" width=\"315\" height=\"26\" src=\"https:\/\/kids.l33.hu\/wp-content\/uploads\/2023\/08\/underline-dot.webp\" class=\"attachment-large size-large wp-image-40\" alt=\"\" srcset=\"https:\/\/kids.l33.hu\/wp-content\/uploads\/2023\/08\/underline-dot.webp 315w, https:\/\/kids.l33.hu\/wp-content\/uploads\/2023\/08\/underline-dot-300x25.webp 300w\" sizes=\"(max-width: 315px) 100vw, 315px\" \/>\t\t\t\t\t\t\t\t\t\t\t\t\t\t\t<\/div>\n\t\t\t\t<\/div>\n\t\t\t\t<div class=\"elementor-element elementor-element-2ef90fe9 elementor-widget elementor-widget-text-editor\" data-id=\"2ef90fe9\" data-element_type=\"widget\" data-e-type=\"widget\" data-widget_type=\"text-editor.default\">\n\t\t\t\t<div class=\"elementor-widget-container\">\n\t\t\t\t\t\t\t\t\t<p><span style=\"font-weight: 400;\">2003-ban \u00e9retts\u00e9giztem a De\u00e1k t\u00e9ri Evang\u00e9likus Gimn\u00e1ziumban.\u00a0<\/span><\/p><p><span style=\"font-weight: 400;\">2009-ben summa cum laude min\u0151s\u00edt\u00e9ssel szereztem \u00e1ltal\u00e1nos orvosi diplom\u00e1t, majd ezt k\u00f6vet\u0151en a Semmelweis Egyetem II. sz\u00e1m\u00fa Gyermekklinik\u00e1j\u00e1n (T\u0171zolt\u00f3 utca) dolgoztam, \u00e9s tettem le a csecsem\u0151-\u00e9s gyermekgy\u00f3gy\u00e1szat szakvizsg\u00e1t.\u00a0<\/span><\/p><ol start=\"2019\"><li><span style=\"font-weight: 400;\"> szeptembere \u00f3ta T\u00f6r\u00f6kb\u00e1linton dolgozom h\u00e1zi gyermekorvosk\u00e9nt.<\/span><\/li><\/ol><p><span style=\"font-weight: 400;\">Azzal, hogy a k\u00f3rh\u00e1zat elhagyva h\u00e1zi gyermekorvos lettem, kisgyermekkori \u00e1lmom v\u00e1lt val\u00f3ra.\u00a0<\/span><\/p><p><span style=\"font-weight: 400;\">Gyermekorvosi tev\u00e9kenys\u00e9gemet legjobb tud\u00e1som, valamint a korszer\u0171 szakmai ir\u00e1nyelvek szerint v\u00e9gzem. K\u00e9tgyermekes \u00e9desanyak\u00e9nt elk\u00f6telezetten hiszek az empatikus, partners\u00e9gen alapul\u00f3 orvos-beteg viszonyban, a kommunik\u00e1ci\u00f3 \u00e9s a megel\u0151z\u00e9s fontoss\u00e1g\u00e1ban. A mindennapi munk\u00e1mban a\u00a0 legfontosabb sz\u00e1momra a szeretetteljes, oldott l\u00e9gk\u00f6r, melyben a c\u00e9l, hogy a gyermek (\u00e9s olykor a sz\u00fcl\u0151) szorong\u00e1s\u00e1t cs\u00f6kkents\u00fck.<\/span><\/p>\t\t\t\t\t\t\t\t<\/div>\n\t\t\t\t<\/div>\n\t\t\t\t<div class=\"elementor-element elementor-element-7783981c elementor-mobile-align-center elementor-widget elementor-widget-button\" data-id=\"7783981c\" data-element_type=\"widget\" data-e-type=\"widget\" data-widget_type=\"button.default\">\n\t\t\t\t<div class=\"elementor-widget-container\">\n\t\t\t\t\t\t\t\t\t<div class=\"elementor-button-wrapper\">\n\t\t\t\t\t<a class=\"elementor-button elementor-button-link elementor-size-sm\" href=\"https:\/\/l33kidsmedical.booked4.us\/public\/?CalendarId=6\">\n\t\t\t\t\t\t<span class=\"elementor-button-content-wrapper\">\n\t\t\t\t\t\t\t\t\t<span class=\"elementor-button-text\">Bejelentkezem <\/span>\n\t\t\t\t\t<\/span>\n\t\t\t\t\t<\/a>\n\t\t\t\t<\/div>\n\t\t\t\t\t\t\t\t<\/div>\n\t\t\t\t<\/div>\n\t\t\t\t\t<\/div>\n\t\t<\/div>\n\t\t\t\t\t<\/div>\n\t\t<\/section>\n\t\t\t\t<\/div>","protected":false},"excerpt":{"rendered":"<p>Dr. Bence Zs\u00f3fia Gyermekorvos 2003-ban \u00e9retts\u00e9giztem a De\u00e1k t\u00e9ri Evang\u00e9likus Gimn\u00e1ziumban.\u00a0 2009-ben summa cum laude min\u0151s\u00edt\u00e9ssel szereztem \u00e1ltal\u00e1nos orvosi diplom\u00e1t, majd ezt k\u00f6vet\u0151en a Semmelweis Egyetem II. sz\u00e1m\u00fa Gyermekklinik\u00e1j\u00e1n (T\u0171zolt\u00f3 utca) dolgoztam, \u00e9s tettem le a csecsem\u0151-\u00e9s gyermekgy\u00f3gy\u00e1szat szakvizsg\u00e1t.\u00a0 szeptembere \u00f3ta T\u00f6r\u00f6kb\u00e1linton dolgozom h\u00e1zi gyermekorvosk\u00e9nt. Azzal, hogy a k\u00f3rh\u00e1zat elhagyva h\u00e1zi gyermekorvos lettem, kisgyermekkori \u00e1lmom [&hellip;]<\/p>\n","protected":false},"author":1,"featured_media":0,"parent":0,"menu_order":0,"comment_status":"closed","ping_status":"closed","template":"elementor_canvas","meta":{"footnotes":""},"class_list":["post-520","page","type-page","status-publish","hentry"],"_links":{"self":[{"href":"https:\/\/kids.l33.hu\/en\/wp-json\/wp\/v2\/pages\/520","targetHints":{"allow":["GET"]}}],"collection":[{"href":"https:\/\/kids.l33.hu\/en\/wp-json\/wp\/v2\/pages"}],"about":[{"href":"https:\/\/kids.l33.hu\/en\/wp-json\/wp\/v2\/types\/page"}],"author":[{"embeddable":true,"href":"https:\/\/kids.l33.hu\/en\/wp-json\/wp\/v2\/users\/1"}],"replies":[{"embeddable":true,"href":"https:\/\/kids.l33.hu\/en\/wp-json\/wp\/v2\/comments?post=520"}],"version-history":[{"count":13,"href":"https:\/\/kids.l33.hu\/en\/wp-json\/wp\/v2\/pages\/520\/revisions"}],"predecessor-version":[{"id":1159,"href":"https:\/\/kids.l33.hu\/en\/wp-json\/wp\/v2\/pages\/520\/revisions\/1159"}],"wp:attachment":[{"href":"https:\/\/kids.l33.hu\/en\/wp-json\/wp\/v2\/media?parent=520"}],"curies":[{"name":"wp","href":"https:\/\/api.w.org\/{rel}","templated":true}]}}