{"id":492,"date":"2024-01-10T15:12:03","date_gmt":"2024-01-10T15:12:03","guid":{"rendered":"https:\/\/kids.l33.hu\/?page_id=492"},"modified":"2025-03-26T07:50:32","modified_gmt":"2025-03-26T07:50:32","slug":"dr-gyongyossy-eszter","status":"publish","type":"page","link":"https:\/\/kids.l33.hu\/en\/dr-gyongyossy-eszter\/","title":{"rendered":"Dr Eszter Gy\u00f6ngy\u00f6ssy"},"content":{"rendered":"<div data-elementor-type=\"wp-page\" data-elementor-id=\"492\" class=\"elementor elementor-492\" data-elementor-post-type=\"page\">\n\t\t\t\t\t\t<section class=\"elementor-section elementor-top-section elementor-element elementor-element-6ff6fafc elementor-section-full_width elementor-section-content-top elementor-section-height-default elementor-section-height-default\" data-id=\"6ff6fafc\" data-element_type=\"section\" data-e-type=\"section\" data-settings=\"{&quot;background_background&quot;:&quot;classic&quot;,&quot;shape_divider_bottom&quot;:&quot;mountains&quot;}\">\n\t\t\t\t\t\t\t<div class=\"elementor-background-overlay\"><\/div>\n\t\t\t\t\t\t<div class=\"elementor-shape elementor-shape-bottom\" aria-hidden=\"true\" data-negative=\"false\">\n\t\t\t<svg xmlns=\"http:\/\/www.w3.org\/2000\/svg\" viewbox=\"0 0 1000 100\" preserveaspectratio=\"none\">\n\t<path class=\"elementor-shape-fill\" opacity=\"0.33\" d=\"M473,67.3c-203.9,88.3-263.1-34-320.3,0C66,119.1,0,59.7,0,59.7V0h1000v59.7 c0,0-62.1,26.1-94.9,29.3c-32.8,3.3-62.8-12.3-75.8-22.1C806,49.6,745.3,8.7,694.9,4.7S492.4,59,473,67.3z\"\/>\n\t<path class=\"elementor-shape-fill\" opacity=\"0.66\" d=\"M734,67.3c-45.5,0-77.2-23.2-129.1-39.1c-28.6-8.7-150.3-10.1-254,39.1 s-91.7-34.4-149.2,0C115.7,118.3,0,39.8,0,39.8V0h1000v36.5c0,0-28.2-18.5-92.1-18.5C810.2,18.1,775.7,67.3,734,67.3z\"\/>\n\t<path class=\"elementor-shape-fill\" d=\"M766.1,28.9c-200-57.5-266,65.5-395.1,19.5C242,1.8,242,5.4,184.8,20.6C128,35.8,132.3,44.9,89.9,52.5C28.6,63.7,0,0,0,0 h1000c0,0-9.9,40.9-83.6,48.1S829.6,47,766.1,28.9z\"\/>\n<\/svg>\t\t<\/div>\n\t\t\t\t\t<div class=\"elementor-container elementor-column-gap-no\">\n\t\t\t\t\t<div class=\"elementor-column elementor-col-100 elementor-top-column elementor-element elementor-element-c6d2124\" data-id=\"c6d2124\" data-element_type=\"column\" data-e-type=\"column\" data-settings=\"{&quot;background_background&quot;:&quot;classic&quot;}\">\n\t\t\t<div class=\"elementor-widget-wrap elementor-element-populated\">\n\t\t\t\t\t\t<section class=\"elementor-section elementor-inner-section elementor-element elementor-element-22a5cf41 elementor-section-boxed elementor-section-height-default elementor-section-height-default\" data-id=\"22a5cf41\" data-element_type=\"section\" data-e-type=\"section\">\n\t\t\t\t\t\t<div class=\"elementor-container elementor-column-gap-default\">\n\t\t\t\t\t<div class=\"elementor-column elementor-col-50 elementor-inner-column elementor-element elementor-element-73358f6c\" data-id=\"73358f6c\" data-element_type=\"column\" data-e-type=\"column\" data-settings=\"{&quot;background_background&quot;:&quot;classic&quot;}\">\n\t\t\t<div class=\"elementor-widget-wrap elementor-element-populated\">\n\t\t\t\t\t\t<div class=\"elementor-element elementor-element-20107599 elementor-hidden-mobile elementor-widget elementor-widget-spacer\" data-id=\"20107599\" data-element_type=\"widget\" data-e-type=\"widget\" data-widget_type=\"spacer.default\">\n\t\t\t\t<div class=\"elementor-widget-container\">\n\t\t\t\t\t\t\t<div class=\"elementor-spacer\">\n\t\t\t<div class=\"elementor-spacer-inner\"><\/div>\n\t\t<\/div>\n\t\t\t\t\t\t<\/div>\n\t\t\t\t<\/div>\n\t\t\t\t<div class=\"elementor-element elementor-element-10e6a684 elementor-widget elementor-widget-image\" data-id=\"10e6a684\" data-element_type=\"widget\" data-e-type=\"widget\" data-widget_type=\"image.default\">\n\t\t\t\t<div class=\"elementor-widget-container\">\n\t\t\t\t\t\t\t\t\t\t\t\t\t\t\t<img fetchpriority=\"high\" decoding=\"async\" width=\"800\" height=\"293\" src=\"https:\/\/kids.l33.hu\/wp-content\/uploads\/2023\/08\/Asset-1@1000x-1024x375.webp\" class=\"attachment-large size-large wp-image-8\" alt=\"\" srcset=\"https:\/\/kids.l33.hu\/wp-content\/uploads\/2023\/08\/Asset-1@1000x-1024x375.webp 1024w, https:\/\/kids.l33.hu\/wp-content\/uploads\/2023\/08\/Asset-1@1000x-300x110.webp 300w, https:\/\/kids.l33.hu\/wp-content\/uploads\/2023\/08\/Asset-1@1000x-768x282.webp 768w, https:\/\/kids.l33.hu\/wp-content\/uploads\/2023\/08\/Asset-1@1000x-1536x563.webp 1536w, https:\/\/kids.l33.hu\/wp-content\/uploads\/2023\/08\/Asset-1@1000x.webp 1920w\" sizes=\"(max-width: 800px) 100vw, 800px\" \/>\t\t\t\t\t\t\t\t\t\t\t\t\t\t\t<\/div>\n\t\t\t\t<\/div>\n\t\t\t\t\t<\/div>\n\t\t<\/div>\n\t\t\t\t<div class=\"elementor-column elementor-col-50 elementor-inner-column elementor-element elementor-element-41c9f80e\" data-id=\"41c9f80e\" data-element_type=\"column\" data-e-type=\"column\">\n\t\t\t<div class=\"elementor-widget-wrap\">\n\t\t\t\t\t\t\t<\/div>\n\t\t<\/div>\n\t\t\t\t\t<\/div>\n\t\t<\/section>\n\t\t\t\t\t<\/div>\n\t\t<\/div>\n\t\t\t\t\t<\/div>\n\t\t<\/section>\n\t\t\t\t<section class=\"elementor-section elementor-top-section elementor-element elementor-element-6e168160 elementor-section-boxed elementor-section-height-default elementor-section-height-default\" data-id=\"6e168160\" data-element_type=\"section\" data-e-type=\"section\">\n\t\t\t\t\t\t<div class=\"elementor-container elementor-column-gap-no\">\n\t\t\t\t\t<div class=\"elementor-column elementor-col-16 elementor-top-column elementor-element elementor-element-47b93b8e\" data-id=\"47b93b8e\" data-element_type=\"column\" data-e-type=\"column\" data-settings=\"{&quot;background_background&quot;:&quot;classic&quot;}\">\n\t\t\t<div class=\"elementor-widget-wrap elementor-element-populated\">\n\t\t\t\t\t\t<div class=\"elementor-element elementor-element-2fe6181 elementor-widget elementor-widget-spacer\" data-id=\"2fe6181\" data-element_type=\"widget\" data-e-type=\"widget\" data-widget_type=\"spacer.default\">\n\t\t\t\t<div class=\"elementor-widget-container\">\n\t\t\t\t\t\t\t<div class=\"elementor-spacer\">\n\t\t\t<div class=\"elementor-spacer-inner\"><\/div>\n\t\t<\/div>\n\t\t\t\t\t\t<\/div>\n\t\t\t\t<\/div>\n\t\t\t\t\t<\/div>\n\t\t<\/div>\n\t\t\t\t<div class=\"elementor-column elementor-col-66 elementor-top-column elementor-element elementor-element-398739ef\" data-id=\"398739ef\" data-element_type=\"column\" data-e-type=\"column\" data-settings=\"{&quot;background_background&quot;:&quot;classic&quot;}\">\n\t\t\t<div class=\"elementor-widget-wrap elementor-element-populated\">\n\t\t\t\t\t\t<div class=\"elementor-element elementor-element-619b09ee elementor-nav-menu__align-center elementor-nav-menu__text-align-center elementor-nav-menu--dropdown-tablet elementor-nav-menu--toggle elementor-nav-menu--burger elementor-widget elementor-widget-nav-menu\" data-id=\"619b09ee\" data-element_type=\"widget\" data-e-type=\"widget\" data-settings=\"{&quot;layout&quot;:&quot;horizontal&quot;,&quot;submenu_icon&quot;:{&quot;value&quot;:&quot;&lt;svg class=\\&quot;e-font-icon-svg e-fas-caret-down\\&quot; viewBox=\\&quot;0 0 320 512\\&quot; xmlns=\\&quot;http:\\\/\\\/www.w3.org\\\/2000\\\/svg\\&quot;&gt;&lt;path d=\\&quot;M31.3 192h257.3c17.8 0 26.7 21.5 14.1 34.1L174.1 354.8c-7.8 7.8-20.5 7.8-28.3 0L17.2 226.1C4.6 213.5 13.5 192 31.3 192z\\&quot;&gt;&lt;\\\/path&gt;&lt;\\\/svg&gt;&quot;,&quot;library&quot;:&quot;fa-solid&quot;},&quot;toggle&quot;:&quot;burger&quot;}\" data-widget_type=\"nav-menu.default\">\n\t\t\t\t<div class=\"elementor-widget-container\">\n\t\t\t\t\t\t\t\t<nav aria-label=\"Men\u00fc\" class=\"elementor-nav-menu--main elementor-nav-menu__container elementor-nav-menu--layout-horizontal e--pointer-text e--animation-none\">\n\t\t\t\t<ul id=\"menu-1-619b09ee\" class=\"elementor-nav-menu\"><li class=\"menu-item menu-item-type-custom menu-item-object-custom menu-item-100\"><a href=\"https:\/\/kids.l33.hu\/en\/#rolunk\" class=\"elementor-item elementor-item-anchor\">About Us<\/a><\/li>\n<li class=\"menu-item menu-item-type-custom menu-item-object-custom menu-item-103\"><a href=\"https:\/\/kids.l33.hu\/en\/#orvosok\" class=\"elementor-item elementor-item-anchor\">Our Team<\/a><\/li>\n<li class=\"menu-item menu-item-type-custom menu-item-object-custom menu-item-101\"><a href=\"https:\/\/kids.l33.hu\/en\/#szolgaltatasok\" class=\"elementor-item elementor-item-anchor\">Our Services<\/a><\/li>\n<li class=\"menu-item menu-item-type-custom menu-item-object-custom menu-item-102\"><a href=\"https:\/\/kids.l33.hu\/en\/#velemenyek\" class=\"elementor-item elementor-item-anchor\">Reviews<\/a><\/li>\n<li class=\"menu-item menu-item-type-custom menu-item-object-custom menu-item-107\"><a href=\"https:\/\/l33kidsmedical.booked4.us\/public\/\" class=\"elementor-item\">Appointments<\/a><\/li>\n<li class=\"menu-item menu-item-type-custom menu-item-object-custom menu-item-108\"><a href=\"https:\/\/l33.hu\" class=\"elementor-item\">L33 Medical<\/a><\/li>\n<li class=\"trp-language-switcher-container menu-item menu-item-type-post_type menu-item-object-language_switcher current-language-menu-item menu-item-1583\"><a href=\"https:\/\/kids.l33.hu\/en\/wp-json\/wp\/v2\/pages\/492\" class=\"elementor-item elementor-item-anchor\"><span data-no-translation><img decoding=\"async\" class=\"trp-flag-image\" src=\"https:\/\/kids.l33.hu\/wp-content\/plugins\/translatepress-multilingual\/assets\/images\/flags\/hu_HU.png\" width=\"18\" height=\"12\" alt=\"hu_HU\" title=\"Hungarian\"><\/span><\/a><\/li>\n<\/ul>\t\t\t<\/nav>\n\t\t\t\t\t<div class=\"elementor-menu-toggle\" role=\"button\" tabindex=\"0\" aria-label=\"Menu Toggle\" aria-expanded=\"false\">\n\t\t\t<svg aria-hidden=\"true\" role=\"presentation\" class=\"elementor-menu-toggle__icon--open e-font-icon-svg e-eicon-menu-bar\" viewbox=\"0 0 1000 1000\" xmlns=\"http:\/\/www.w3.org\/2000\/svg\"><path d=\"M104 333H896C929 333 958 304 958 271S929 208 896 208H104C71 208 42 237 42 271S71 333 104 333ZM104 583H896C929 583 958 554 958 521S929 458 896 458H104C71 458 42 487 42 521S71 583 104 583ZM104 833H896C929 833 958 804 958 771S929 708 896 708H104C71 708 42 737 42 771S71 833 104 833Z\"><\/path><\/svg><svg aria-hidden=\"true\" role=\"presentation\" class=\"elementor-menu-toggle__icon--close e-font-icon-svg e-eicon-close\" viewbox=\"0 0 1000 1000\" xmlns=\"http:\/\/www.w3.org\/2000\/svg\"><path d=\"M742 167L500 408 258 167C246 154 233 150 217 150 196 150 179 158 167 167 154 179 150 196 150 212 150 229 154 242 171 254L408 500 167 742C138 771 138 800 167 829 196 858 225 858 254 829L496 587 738 829C750 842 767 846 783 846 800 846 817 842 829 829 842 817 846 804 846 783 846 767 842 750 829 737L588 500 833 258C863 229 863 200 833 171 804 137 775 137 742 167Z\"><\/path><\/svg>\t\t<\/div>\n\t\t\t\t\t<nav class=\"elementor-nav-menu--dropdown elementor-nav-menu__container\" aria-hidden=\"true\">\n\t\t\t\t<ul id=\"menu-2-619b09ee\" class=\"elementor-nav-menu\"><li class=\"menu-item menu-item-type-custom menu-item-object-custom menu-item-100\"><a href=\"https:\/\/kids.l33.hu\/en\/#rolunk\" class=\"elementor-item elementor-item-anchor\" tabindex=\"-1\">About Us<\/a><\/li>\n<li class=\"menu-item menu-item-type-custom menu-item-object-custom menu-item-103\"><a href=\"https:\/\/kids.l33.hu\/en\/#orvosok\" class=\"elementor-item elementor-item-anchor\" tabindex=\"-1\">Our Team<\/a><\/li>\n<li class=\"menu-item menu-item-type-custom menu-item-object-custom menu-item-101\"><a href=\"https:\/\/kids.l33.hu\/en\/#szolgaltatasok\" class=\"elementor-item elementor-item-anchor\" tabindex=\"-1\">Our Services<\/a><\/li>\n<li class=\"menu-item menu-item-type-custom menu-item-object-custom menu-item-102\"><a href=\"https:\/\/kids.l33.hu\/en\/#velemenyek\" class=\"elementor-item elementor-item-anchor\" tabindex=\"-1\">Reviews<\/a><\/li>\n<li class=\"menu-item menu-item-type-custom menu-item-object-custom menu-item-107\"><a href=\"https:\/\/l33kidsmedical.booked4.us\/public\/\" class=\"elementor-item\" tabindex=\"-1\">Appointments<\/a><\/li>\n<li class=\"menu-item menu-item-type-custom menu-item-object-custom menu-item-108\"><a href=\"https:\/\/l33.hu\" class=\"elementor-item\" tabindex=\"-1\">L33 Medical<\/a><\/li>\n<li class=\"trp-language-switcher-container menu-item menu-item-type-post_type menu-item-object-language_switcher current-language-menu-item menu-item-1583\"><a href=\"https:\/\/kids.l33.hu\/en\/wp-json\/wp\/v2\/pages\/492\" class=\"elementor-item elementor-item-anchor\" tabindex=\"-1\"><span data-no-translation><img decoding=\"async\" class=\"trp-flag-image\" src=\"https:\/\/kids.l33.hu\/wp-content\/plugins\/translatepress-multilingual\/assets\/images\/flags\/hu_HU.png\" width=\"18\" height=\"12\" alt=\"hu_HU\" title=\"Hungarian\"><\/span><\/a><\/li>\n<\/ul>\t\t\t<\/nav>\n\t\t\t\t\t\t<\/div>\n\t\t\t\t<\/div>\n\t\t\t\t\t<\/div>\n\t\t<\/div>\n\t\t\t\t<div class=\"elementor-column elementor-col-16 elementor-top-column elementor-element elementor-element-65645c9\" data-id=\"65645c9\" data-element_type=\"column\" data-e-type=\"column\" data-settings=\"{&quot;background_background&quot;:&quot;classic&quot;}\">\n\t\t\t<div class=\"elementor-widget-wrap\">\n\t\t\t\t\t\t\t<\/div>\n\t\t<\/div>\n\t\t\t\t\t<\/div>\n\t\t<\/section>\n\t\t\t\t<section class=\"elementor-section elementor-top-section elementor-element elementor-element-10fc4b9b elementor-section-boxed elementor-section-height-default elementor-section-height-default\" data-id=\"10fc4b9b\" data-element_type=\"section\" data-e-type=\"section\" data-settings=\"{&quot;background_background&quot;:&quot;classic&quot;}\">\n\t\t\t\t\t\t<div class=\"elementor-container elementor-column-gap-default\">\n\t\t\t\t\t<div class=\"elementor-column elementor-col-50 elementor-top-column elementor-element elementor-element-413be629\" data-id=\"413be629\" data-element_type=\"column\" data-e-type=\"column\" data-settings=\"{&quot;background_background&quot;:&quot;classic&quot;}\">\n\t\t\t<div class=\"elementor-widget-wrap elementor-element-populated\">\n\t\t\t\t\t<div class=\"elementor-background-overlay\"><\/div>\n\t\t\t\t\t\t<div class=\"elementor-element elementor-element-37e779f3 elementor-widget__width-auto elementor-absolute elementor-widget elementor-widget-image\" data-id=\"37e779f3\" data-element_type=\"widget\" data-e-type=\"widget\" data-settings=\"{&quot;_position&quot;:&quot;absolute&quot;}\" data-widget_type=\"image.default\">\n\t\t\t\t<div class=\"elementor-widget-container\">\n\t\t\t\t\t\t\t\t\t\t\t\t\t\t\t<img decoding=\"async\" width=\"855\" height=\"640\" src=\"https:\/\/kids.l33.hu\/wp-content\/uploads\/2023\/11\/cloud-hotair-balloon.png\" class=\"attachment-full size-full wp-image-321\" alt=\"\" srcset=\"https:\/\/kids.l33.hu\/wp-content\/uploads\/2023\/11\/cloud-hotair-balloon.png 855w, https:\/\/kids.l33.hu\/wp-content\/uploads\/2023\/11\/cloud-hotair-balloon-300x225.webp 300w, https:\/\/kids.l33.hu\/wp-content\/uploads\/2023\/11\/cloud-hotair-balloon-768x575.webp 768w\" sizes=\"(max-width: 855px) 100vw, 855px\" \/>\t\t\t\t\t\t\t\t\t\t\t\t\t\t\t<\/div>\n\t\t\t\t<\/div>\n\t\t\t\t\t<\/div>\n\t\t<\/div>\n\t\t\t\t<div class=\"elementor-column elementor-col-50 elementor-top-column elementor-element elementor-element-66588fc3\" data-id=\"66588fc3\" data-element_type=\"column\" data-e-type=\"column\">\n\t\t\t<div class=\"elementor-widget-wrap elementor-element-populated\">\n\t\t\t\t\t\t<div class=\"elementor-element elementor-element-619e51ac elementor-widget elementor-widget-heading\" data-id=\"619e51ac\" data-element_type=\"widget\" data-e-type=\"widget\" data-widget_type=\"heading.default\">\n\t\t\t\t<div class=\"elementor-widget-container\">\n\t\t\t\t\t<h2 class=\"elementor-heading-title elementor-size-default\">Dr Eszter Gy\u00f6ngy\u00f6ssy<\/h2>\t\t\t\t<\/div>\n\t\t\t\t<\/div>\n\t\t\t\t<div class=\"elementor-element elementor-element-68f11fd6 elementor-widget elementor-widget-heading\" data-id=\"68f11fd6\" data-element_type=\"widget\" data-e-type=\"widget\" data-widget_type=\"heading.default\">\n\t\t\t\t<div class=\"elementor-widget-container\">\n\t\t\t\t\t<h3 class=\"elementor-heading-title elementor-size-default\">Gyermekorvos<\/h3>\t\t\t\t<\/div>\n\t\t\t\t<\/div>\n\t\t\t\t<div class=\"elementor-element elementor-element-7f0e4ec1 elementor-widget elementor-widget-image\" data-id=\"7f0e4ec1\" data-element_type=\"widget\" data-e-type=\"widget\" data-widget_type=\"image.default\">\n\t\t\t\t<div class=\"elementor-widget-container\">\n\t\t\t\t\t\t\t\t\t\t\t\t\t\t\t<img loading=\"lazy\" decoding=\"async\" width=\"315\" height=\"26\" src=\"https:\/\/kids.l33.hu\/wp-content\/uploads\/2023\/08\/underline-dot.webp\" class=\"attachment-large size-large wp-image-40\" alt=\"\" srcset=\"https:\/\/kids.l33.hu\/wp-content\/uploads\/2023\/08\/underline-dot.webp 315w, https:\/\/kids.l33.hu\/wp-content\/uploads\/2023\/08\/underline-dot-300x25.webp 300w\" sizes=\"(max-width: 315px) 100vw, 315px\" \/>\t\t\t\t\t\t\t\t\t\t\t\t\t\t\t<\/div>\n\t\t\t\t<\/div>\n\t\t\t\t<div class=\"elementor-element elementor-element-5cb54d5a elementor-widget elementor-widget-text-editor\" data-id=\"5cb54d5a\" data-element_type=\"widget\" data-e-type=\"widget\" data-widget_type=\"text-editor.default\">\n\t\t\t\t<div class=\"elementor-widget-container\">\n\t\t\t\t\t\t\t\t\t<p>A Semmelweis Orvostudom\u00e1nyi Egyetemen v\u00e9geztem 1986-ban.<\/p><p>V\u00e9gz\u00e9s ut\u00e1n el\u0151sz\u00f6r a Csecsem\u0151otthonok Orsz\u00e1gos M\u00f3dszertani Int\u00e9zet\u00e9ben dolgoztam. A mindennapos gyerekbetegs\u00e9gek kezel\u00e9s\u00e9n k\u00edv\u00fcl a testi-lelki eg\u00e9szs\u00e9get biztos\u00edt\u00f3 \u00e9letm\u00f3d kialak\u00edt\u00e1s\u00e1ban is r\u00e9szt vettem.<br \/>1988-ban \u00f6szt\u00f6nd\u00edjas voltam Finnorsz\u00e1gban szoptat\u00e1s, csecsem\u0151t\u00e1pl\u00e1l\u00e1s t\u00e9m\u00e1ban.<br \/>K\u00f3rh\u00e1zi gyakorlatot az Ap\u00e1thy Istv\u00e1n, k\u00e9s\u0151bb Bethesda Gyermekk\u00f3rh\u00e1zban szereztem. A k\u00f3rh\u00e1z k\u00fcl\u00f6nb\u00f6z\u0151 profil\u00fa oszt\u00e1lyain dolgozva \u00e1ttekint\u00e9st nyertem a gyerekgy\u00f3gy\u00e1szat eg\u00e9sz\u00e9r\u0151l.<br \/>1993-ban szakvizsg\u00e1ztam csecsem\u0151- \u00e9s gyermekgy\u00f3gy\u00e1szatb\u00f3l.<br \/>1999. \u00f3ta vagyok h\u00e1zi gyermekorvos \u00c9rden. Vannak m\u00e1r olyan p\u00e1cienseim, akiknek a sz\u00fcleit is \u00e9n kezeltem.<\/p><p>2011-ben nemzetk\u00f6zi test\u00fclet \u00e1ltal akkredit\u00e1lt szoptat\u00e1si tan\u00e1csad\u00f3 (IBCLC) k\u00e9pz\u00e9st szereztem.<\/p><p>T\u00f6bb \u00e9vtizedes gyerekorvosi munk\u00e1m \u00e9s saj\u00e1t 4 gyerekemmel szerzett tapasztalatom alapj\u00e1n \u00e1t\u00e9rzem, milyen neh\u00e9zs\u00e9gekkel szembes\u00fclnek a sz\u00fcl\u0151k a gyerekbetegs\u00e9gek kapcs\u00e1n.<br \/>\u00dagy gondolom, a gyermekorvosl\u00e1s alapja a gyerekek fejl\u0151d\u00e9s\u00e9nek gondos k\u00f6vet\u00e9se, a betegs\u00e9gt\u00fcnetek megfelel\u0151 \u00e9rt\u00e9kel\u00e9se. Ehhez pedig a gyerekek fel\u00e9 fordul\u00f3, k\u00f6lcs\u00f6n\u00f6s figyelmen alapul\u00f3 sz\u00fcl\u0151 &#8211; orvos p\u00e1rbesz\u00e9d sz\u00fcks\u00e9ges.<\/p><p>English speaking families welcome.<br \/>Familles francophones bienvenues.<\/p>\t\t\t\t\t\t\t\t<\/div>\n\t\t\t\t<\/div>\n\t\t\t\t<div class=\"elementor-element elementor-element-41f19ec elementor-align-left elementor-widget elementor-widget-global elementor-global-1310 elementor-widget-button\" data-id=\"41f19ec\" data-element_type=\"widget\" data-e-type=\"widget\" data-widget_type=\"button.default\">\n\t\t\t\t<div class=\"elementor-widget-container\">\n\t\t\t\t\t\t\t\t\t<div class=\"elementor-button-wrapper\">\n\t\t\t\t\t<a class=\"elementor-button elementor-button-link elementor-size-sm\" href=\"https:\/\/l33kidsmedical.booked4.us\/public\/?CalendarId=3\">\n\t\t\t\t\t\t<span class=\"elementor-button-content-wrapper\">\n\t\t\t\t\t\t\t\t\t<span class=\"elementor-button-text\">Bejelentkezem<\/span>\n\t\t\t\t\t<\/span>\n\t\t\t\t\t<\/a>\n\t\t\t\t<\/div>\n\t\t\t\t\t\t\t\t<\/div>\n\t\t\t\t<\/div>\n\t\t\t\t\t<\/div>\n\t\t<\/div>\n\t\t\t\t\t<\/div>\n\t\t<\/section>\n\t\t\t\t<\/div>","protected":false},"excerpt":{"rendered":"<p>Dr. Gy\u00f6ngy\u00f6ssy Eszter Gyermekorvos A Semmelweis Orvostudom\u00e1nyi Egyetemen v\u00e9geztem 1986-ban. V\u00e9gz\u00e9s ut\u00e1n el\u0151sz\u00f6r a Csecsem\u0151otthonok Orsz\u00e1gos M\u00f3dszertani Int\u00e9zet\u00e9ben dolgoztam. A mindennapos gyerekbetegs\u00e9gek kezel\u00e9s\u00e9n k\u00edv\u00fcl a testi-lelki eg\u00e9szs\u00e9get biztos\u00edt\u00f3 \u00e9letm\u00f3d kialak\u00edt\u00e1s\u00e1ban is r\u00e9szt vettem.1988-ban \u00f6szt\u00f6nd\u00edjas voltam Finnorsz\u00e1gban szoptat\u00e1s, csecsem\u0151t\u00e1pl\u00e1l\u00e1s t\u00e9m\u00e1ban.K\u00f3rh\u00e1zi gyakorlatot az Ap\u00e1thy Istv\u00e1n, k\u00e9s\u0151bb Bethesda Gyermekk\u00f3rh\u00e1zban szereztem. A k\u00f3rh\u00e1z k\u00fcl\u00f6nb\u00f6z\u0151 profil\u00fa oszt\u00e1lyain dolgozva \u00e1ttekint\u00e9st nyertem [&hellip;]<\/p>\n","protected":false},"author":1,"featured_media":1511,"parent":0,"menu_order":0,"comment_status":"closed","ping_status":"closed","template":"elementor_canvas","meta":{"footnotes":""},"class_list":["post-492","page","type-page","status-publish","has-post-thumbnail","hentry"],"_links":{"self":[{"href":"https:\/\/kids.l33.hu\/en\/wp-json\/wp\/v2\/pages\/492","targetHints":{"allow":["GET"]}}],"collection":[{"href":"https:\/\/kids.l33.hu\/en\/wp-json\/wp\/v2\/pages"}],"about":[{"href":"https:\/\/kids.l33.hu\/en\/wp-json\/wp\/v2\/types\/page"}],"author":[{"embeddable":true,"href":"https:\/\/kids.l33.hu\/en\/wp-json\/wp\/v2\/users\/1"}],"replies":[{"embeddable":true,"href":"https:\/\/kids.l33.hu\/en\/wp-json\/wp\/v2\/comments?post=492"}],"version-history":[{"count":33,"href":"https:\/\/kids.l33.hu\/en\/wp-json\/wp\/v2\/pages\/492\/revisions"}],"predecessor-version":[{"id":1518,"href":"https:\/\/kids.l33.hu\/en\/wp-json\/wp\/v2\/pages\/492\/revisions\/1518"}],"wp:featuredmedia":[{"embeddable":true,"href":"https:\/\/kids.l33.hu\/en\/wp-json\/wp\/v2\/media\/1511"}],"wp:attachment":[{"href":"https:\/\/kids.l33.hu\/en\/wp-json\/wp\/v2\/media?parent=492"}],"curies":[{"name":"wp","href":"https:\/\/api.w.org\/{rel}","templated":true}]}}