{"id":318,"date":"2023-11-24T15:01:43","date_gmt":"2023-11-24T15:01:43","guid":{"rendered":"https:\/\/kids.l33.hu\/?page_id=318"},"modified":"2024-09-13T07:42:48","modified_gmt":"2024-09-13T07:42:48","slug":"dr-benko-adrienn","status":"publish","type":"page","link":"https:\/\/kids.l33.hu\/en\/dr-benko-adrienn\/","title":{"rendered":"Dr Adrienn Benk\u0151"},"content":{"rendered":"<div data-elementor-type=\"wp-page\" data-elementor-id=\"318\" class=\"elementor elementor-318\" data-elementor-post-type=\"page\">\n\t\t\t\t\t\t<section class=\"elementor-section elementor-top-section elementor-element elementor-element-8e5610d elementor-section-full_width elementor-section-content-top elementor-section-height-default elementor-section-height-default\" data-id=\"8e5610d\" data-element_type=\"section\" data-e-type=\"section\" data-settings=\"{&quot;background_background&quot;:&quot;classic&quot;,&quot;shape_divider_bottom&quot;:&quot;mountains&quot;}\">\n\t\t\t\t\t\t\t<div class=\"elementor-background-overlay\"><\/div>\n\t\t\t\t\t\t<div class=\"elementor-shape elementor-shape-bottom\" aria-hidden=\"true\" data-negative=\"false\">\n\t\t\t<svg xmlns=\"http:\/\/www.w3.org\/2000\/svg\" viewbox=\"0 0 1000 100\" preserveaspectratio=\"none\">\n\t<path class=\"elementor-shape-fill\" opacity=\"0.33\" d=\"M473,67.3c-203.9,88.3-263.1-34-320.3,0C66,119.1,0,59.7,0,59.7V0h1000v59.7 c0,0-62.1,26.1-94.9,29.3c-32.8,3.3-62.8-12.3-75.8-22.1C806,49.6,745.3,8.7,694.9,4.7S492.4,59,473,67.3z\"\/>\n\t<path class=\"elementor-shape-fill\" opacity=\"0.66\" d=\"M734,67.3c-45.5,0-77.2-23.2-129.1-39.1c-28.6-8.7-150.3-10.1-254,39.1 s-91.7-34.4-149.2,0C115.7,118.3,0,39.8,0,39.8V0h1000v36.5c0,0-28.2-18.5-92.1-18.5C810.2,18.1,775.7,67.3,734,67.3z\"\/>\n\t<path class=\"elementor-shape-fill\" d=\"M766.1,28.9c-200-57.5-266,65.5-395.1,19.5C242,1.8,242,5.4,184.8,20.6C128,35.8,132.3,44.9,89.9,52.5C28.6,63.7,0,0,0,0 h1000c0,0-9.9,40.9-83.6,48.1S829.6,47,766.1,28.9z\"\/>\n<\/svg>\t\t<\/div>\n\t\t\t\t\t<div class=\"elementor-container elementor-column-gap-no\">\n\t\t\t\t\t<div class=\"elementor-column elementor-col-100 elementor-top-column elementor-element elementor-element-2f935f6\" data-id=\"2f935f6\" data-element_type=\"column\" data-e-type=\"column\" data-settings=\"{&quot;background_background&quot;:&quot;classic&quot;}\">\n\t\t\t<div class=\"elementor-widget-wrap elementor-element-populated\">\n\t\t\t\t\t\t<section class=\"elementor-section elementor-inner-section elementor-element elementor-element-80e9044 elementor-section-boxed elementor-section-height-default elementor-section-height-default\" data-id=\"80e9044\" data-element_type=\"section\" data-e-type=\"section\">\n\t\t\t\t\t\t<div class=\"elementor-container elementor-column-gap-default\">\n\t\t\t\t\t<div class=\"elementor-column elementor-col-50 elementor-inner-column elementor-element elementor-element-d5aaa6f\" data-id=\"d5aaa6f\" data-element_type=\"column\" data-e-type=\"column\" data-settings=\"{&quot;background_background&quot;:&quot;classic&quot;}\">\n\t\t\t<div class=\"elementor-widget-wrap elementor-element-populated\">\n\t\t\t\t\t\t<div class=\"elementor-element elementor-element-6b8ca50 elementor-hidden-mobile elementor-widget elementor-widget-spacer\" data-id=\"6b8ca50\" data-element_type=\"widget\" data-e-type=\"widget\" data-widget_type=\"spacer.default\">\n\t\t\t\t<div class=\"elementor-widget-container\">\n\t\t\t\t\t\t\t<div class=\"elementor-spacer\">\n\t\t\t<div class=\"elementor-spacer-inner\"><\/div>\n\t\t<\/div>\n\t\t\t\t\t\t<\/div>\n\t\t\t\t<\/div>\n\t\t\t\t<div class=\"elementor-element elementor-element-da85033 elementor-widget elementor-widget-image\" data-id=\"da85033\" data-element_type=\"widget\" data-e-type=\"widget\" data-widget_type=\"image.default\">\n\t\t\t\t<div class=\"elementor-widget-container\">\n\t\t\t\t\t\t\t\t\t\t\t\t\t\t\t<img fetchpriority=\"high\" decoding=\"async\" width=\"800\" height=\"293\" src=\"https:\/\/kids.l33.hu\/wp-content\/uploads\/2023\/08\/Asset-1@1000x-1024x375.webp\" class=\"attachment-large size-large wp-image-8\" alt=\"\" srcset=\"https:\/\/kids.l33.hu\/wp-content\/uploads\/2023\/08\/Asset-1@1000x-1024x375.webp 1024w, https:\/\/kids.l33.hu\/wp-content\/uploads\/2023\/08\/Asset-1@1000x-300x110.webp 300w, https:\/\/kids.l33.hu\/wp-content\/uploads\/2023\/08\/Asset-1@1000x-768x282.webp 768w, https:\/\/kids.l33.hu\/wp-content\/uploads\/2023\/08\/Asset-1@1000x-1536x563.webp 1536w, https:\/\/kids.l33.hu\/wp-content\/uploads\/2023\/08\/Asset-1@1000x.webp 1920w\" sizes=\"(max-width: 800px) 100vw, 800px\" \/>\t\t\t\t\t\t\t\t\t\t\t\t\t\t\t<\/div>\n\t\t\t\t<\/div>\n\t\t\t\t\t<\/div>\n\t\t<\/div>\n\t\t\t\t<div class=\"elementor-column elementor-col-50 elementor-inner-column elementor-element elementor-element-1c31315\" data-id=\"1c31315\" data-element_type=\"column\" data-e-type=\"column\">\n\t\t\t<div class=\"elementor-widget-wrap\">\n\t\t\t\t\t\t\t<\/div>\n\t\t<\/div>\n\t\t\t\t\t<\/div>\n\t\t<\/section>\n\t\t\t\t\t<\/div>\n\t\t<\/div>\n\t\t\t\t\t<\/div>\n\t\t<\/section>\n\t\t\t\t<section class=\"elementor-section elementor-top-section elementor-element elementor-element-3ccfb8b elementor-section-boxed elementor-section-height-default elementor-section-height-default\" data-id=\"3ccfb8b\" data-element_type=\"section\" data-e-type=\"section\">\n\t\t\t\t\t\t<div class=\"elementor-container elementor-column-gap-no\">\n\t\t\t\t\t<div class=\"elementor-column elementor-col-16 elementor-top-column elementor-element elementor-element-2eb0de8\" data-id=\"2eb0de8\" data-element_type=\"column\" data-e-type=\"column\" data-settings=\"{&quot;background_background&quot;:&quot;classic&quot;}\">\n\t\t\t<div class=\"elementor-widget-wrap elementor-element-populated\">\n\t\t\t\t\t\t<div class=\"elementor-element elementor-element-bc06275 elementor-widget elementor-widget-spacer\" data-id=\"bc06275\" data-element_type=\"widget\" data-e-type=\"widget\" data-widget_type=\"spacer.default\">\n\t\t\t\t<div class=\"elementor-widget-container\">\n\t\t\t\t\t\t\t<div class=\"elementor-spacer\">\n\t\t\t<div class=\"elementor-spacer-inner\"><\/div>\n\t\t<\/div>\n\t\t\t\t\t\t<\/div>\n\t\t\t\t<\/div>\n\t\t\t\t\t<\/div>\n\t\t<\/div>\n\t\t\t\t<div class=\"elementor-column elementor-col-66 elementor-top-column elementor-element elementor-element-f0be66c\" data-id=\"f0be66c\" data-element_type=\"column\" data-e-type=\"column\" data-settings=\"{&quot;background_background&quot;:&quot;classic&quot;}\">\n\t\t\t<div class=\"elementor-widget-wrap elementor-element-populated\">\n\t\t\t\t\t\t<div class=\"elementor-element elementor-element-d97d8b2 elementor-nav-menu__align-center elementor-nav-menu__text-align-center elementor-nav-menu--dropdown-tablet elementor-nav-menu--toggle elementor-nav-menu--burger elementor-widget elementor-widget-nav-menu\" data-id=\"d97d8b2\" data-element_type=\"widget\" data-e-type=\"widget\" data-settings=\"{&quot;layout&quot;:&quot;horizontal&quot;,&quot;submenu_icon&quot;:{&quot;value&quot;:&quot;&lt;svg class=\\&quot;e-font-icon-svg e-fas-caret-down\\&quot; viewBox=\\&quot;0 0 320 512\\&quot; xmlns=\\&quot;http:\\\/\\\/www.w3.org\\\/2000\\\/svg\\&quot;&gt;&lt;path d=\\&quot;M31.3 192h257.3c17.8 0 26.7 21.5 14.1 34.1L174.1 354.8c-7.8 7.8-20.5 7.8-28.3 0L17.2 226.1C4.6 213.5 13.5 192 31.3 192z\\&quot;&gt;&lt;\\\/path&gt;&lt;\\\/svg&gt;&quot;,&quot;library&quot;:&quot;fa-solid&quot;},&quot;toggle&quot;:&quot;burger&quot;}\" data-widget_type=\"nav-menu.default\">\n\t\t\t\t<div class=\"elementor-widget-container\">\n\t\t\t\t\t\t\t\t<nav aria-label=\"Menu\" class=\"elementor-nav-menu--main elementor-nav-menu__container elementor-nav-menu--layout-horizontal e--pointer-text e--animation-none\">\n\t\t\t\t<ul id=\"menu-1-d97d8b2\" class=\"elementor-nav-menu\"><li class=\"menu-item menu-item-type-custom menu-item-object-custom menu-item-100\"><a href=\"https:\/\/kids.l33.hu\/en\/#rolunk\" class=\"elementor-item elementor-item-anchor\">About Us<\/a><\/li>\n<li class=\"menu-item menu-item-type-custom menu-item-object-custom menu-item-103\"><a href=\"https:\/\/kids.l33.hu\/en\/#orvosok\" class=\"elementor-item elementor-item-anchor\">Our Team<\/a><\/li>\n<li class=\"menu-item menu-item-type-custom menu-item-object-custom menu-item-101\"><a href=\"https:\/\/kids.l33.hu\/en\/#szolgaltatasok\" class=\"elementor-item elementor-item-anchor\">Our Services<\/a><\/li>\n<li class=\"menu-item menu-item-type-custom menu-item-object-custom menu-item-102\"><a href=\"https:\/\/kids.l33.hu\/en\/#velemenyek\" class=\"elementor-item elementor-item-anchor\">Reviews<\/a><\/li>\n<li class=\"menu-item menu-item-type-custom menu-item-object-custom menu-item-107\"><a href=\"https:\/\/l33kidsmedical.booked4.us\/public\/\" class=\"elementor-item\">Appointments<\/a><\/li>\n<li class=\"menu-item menu-item-type-custom menu-item-object-custom menu-item-108\"><a href=\"https:\/\/l33.hu\" class=\"elementor-item\">L33 Medical<\/a><\/li>\n<li class=\"trp-language-switcher-container menu-item menu-item-type-post_type menu-item-object-language_switcher current-language-menu-item menu-item-1583\"><a href=\"https:\/\/kids.l33.hu\/en\/wp-json\/wp\/v2\/pages\/318\" class=\"elementor-item elementor-item-anchor\"><span data-no-translation><img decoding=\"async\" class=\"trp-flag-image\" src=\"https:\/\/kids.l33.hu\/wp-content\/plugins\/translatepress-multilingual\/assets\/images\/flags\/hu_HU.png\" width=\"18\" height=\"12\" alt=\"hu_HU\" title=\"Hungarian\"><\/span><\/a><\/li>\n<\/ul>\t\t\t<\/nav>\n\t\t\t\t\t<div class=\"elementor-menu-toggle\" role=\"button\" tabindex=\"0\" aria-label=\"Menu Toggle\" aria-expanded=\"false\">\n\t\t\t<svg aria-hidden=\"true\" role=\"presentation\" class=\"elementor-menu-toggle__icon--open e-font-icon-svg e-eicon-menu-bar\" viewbox=\"0 0 1000 1000\" xmlns=\"http:\/\/www.w3.org\/2000\/svg\"><path d=\"M104 333H896C929 333 958 304 958 271S929 208 896 208H104C71 208 42 237 42 271S71 333 104 333ZM104 583H896C929 583 958 554 958 521S929 458 896 458H104C71 458 42 487 42 521S71 583 104 583ZM104 833H896C929 833 958 804 958 771S929 708 896 708H104C71 708 42 737 42 771S71 833 104 833Z\"><\/path><\/svg><svg aria-hidden=\"true\" role=\"presentation\" class=\"elementor-menu-toggle__icon--close e-font-icon-svg e-eicon-close\" viewbox=\"0 0 1000 1000\" xmlns=\"http:\/\/www.w3.org\/2000\/svg\"><path d=\"M742 167L500 408 258 167C246 154 233 150 217 150 196 150 179 158 167 167 154 179 150 196 150 212 150 229 154 242 171 254L408 500 167 742C138 771 138 800 167 829 196 858 225 858 254 829L496 587 738 829C750 842 767 846 783 846 800 846 817 842 829 829 842 817 846 804 846 783 846 767 842 750 829 737L588 500 833 258C863 229 863 200 833 171 804 137 775 137 742 167Z\"><\/path><\/svg>\t\t<\/div>\n\t\t\t\t\t<nav class=\"elementor-nav-menu--dropdown elementor-nav-menu__container\" aria-hidden=\"true\">\n\t\t\t\t<ul id=\"menu-2-d97d8b2\" class=\"elementor-nav-menu\"><li class=\"menu-item menu-item-type-custom menu-item-object-custom menu-item-100\"><a href=\"https:\/\/kids.l33.hu\/en\/#rolunk\" class=\"elementor-item elementor-item-anchor\" tabindex=\"-1\">About Us<\/a><\/li>\n<li class=\"menu-item menu-item-type-custom menu-item-object-custom menu-item-103\"><a href=\"https:\/\/kids.l33.hu\/en\/#orvosok\" class=\"elementor-item elementor-item-anchor\" tabindex=\"-1\">Our Team<\/a><\/li>\n<li class=\"menu-item menu-item-type-custom menu-item-object-custom menu-item-101\"><a href=\"https:\/\/kids.l33.hu\/en\/#szolgaltatasok\" class=\"elementor-item elementor-item-anchor\" tabindex=\"-1\">Our Services<\/a><\/li>\n<li class=\"menu-item menu-item-type-custom menu-item-object-custom menu-item-102\"><a href=\"https:\/\/kids.l33.hu\/en\/#velemenyek\" class=\"elementor-item elementor-item-anchor\" tabindex=\"-1\">Reviews<\/a><\/li>\n<li class=\"menu-item menu-item-type-custom menu-item-object-custom menu-item-107\"><a href=\"https:\/\/l33kidsmedical.booked4.us\/public\/\" class=\"elementor-item\" tabindex=\"-1\">Appointments<\/a><\/li>\n<li class=\"menu-item menu-item-type-custom menu-item-object-custom menu-item-108\"><a href=\"https:\/\/l33.hu\" class=\"elementor-item\" tabindex=\"-1\">L33 Medical<\/a><\/li>\n<li class=\"trp-language-switcher-container menu-item menu-item-type-post_type menu-item-object-language_switcher current-language-menu-item menu-item-1583\"><a href=\"https:\/\/kids.l33.hu\/en\/wp-json\/wp\/v2\/pages\/318\" class=\"elementor-item elementor-item-anchor\" tabindex=\"-1\"><span data-no-translation><img decoding=\"async\" class=\"trp-flag-image\" src=\"https:\/\/kids.l33.hu\/wp-content\/plugins\/translatepress-multilingual\/assets\/images\/flags\/hu_HU.png\" width=\"18\" height=\"12\" alt=\"hu_HU\" title=\"Hungarian\"><\/span><\/a><\/li>\n<\/ul>\t\t\t<\/nav>\n\t\t\t\t\t\t<\/div>\n\t\t\t\t<\/div>\n\t\t\t\t\t<\/div>\n\t\t<\/div>\n\t\t\t\t<div class=\"elementor-column elementor-col-16 elementor-top-column elementor-element elementor-element-5d8abce\" data-id=\"5d8abce\" data-element_type=\"column\" data-e-type=\"column\" data-settings=\"{&quot;background_background&quot;:&quot;classic&quot;}\">\n\t\t\t<div class=\"elementor-widget-wrap\">\n\t\t\t\t\t\t\t<\/div>\n\t\t<\/div>\n\t\t\t\t\t<\/div>\n\t\t<\/section>\n\t\t\t\t<section class=\"elementor-section elementor-top-section elementor-element elementor-element-68afb732 elementor-section-boxed elementor-section-height-default elementor-section-height-default\" data-id=\"68afb732\" data-element_type=\"section\" data-e-type=\"section\" data-settings=\"{&quot;background_background&quot;:&quot;classic&quot;}\">\n\t\t\t\t\t\t<div class=\"elementor-container elementor-column-gap-default\">\n\t\t\t\t\t<div class=\"elementor-column elementor-col-50 elementor-top-column elementor-element elementor-element-51e7f2e5\" data-id=\"51e7f2e5\" data-element_type=\"column\" data-e-type=\"column\" data-settings=\"{&quot;background_background&quot;:&quot;classic&quot;}\">\n\t\t\t<div class=\"elementor-widget-wrap elementor-element-populated\">\n\t\t\t\t\t<div class=\"elementor-background-overlay\"><\/div>\n\t\t\t\t\t\t<div class=\"elementor-element elementor-element-d6c0470 elementor-widget__width-auto elementor-absolute elementor-widget elementor-widget-image\" data-id=\"d6c0470\" data-element_type=\"widget\" data-e-type=\"widget\" data-settings=\"{&quot;_position&quot;:&quot;absolute&quot;}\" data-widget_type=\"image.default\">\n\t\t\t\t<div class=\"elementor-widget-container\">\n\t\t\t\t\t\t\t\t\t\t\t\t\t\t\t<img decoding=\"async\" width=\"855\" height=\"640\" src=\"https:\/\/kids.l33.hu\/wp-content\/uploads\/2023\/11\/cloud-hotair-balloon.png\" class=\"attachment-full size-full wp-image-321\" alt=\"\" srcset=\"https:\/\/kids.l33.hu\/wp-content\/uploads\/2023\/11\/cloud-hotair-balloon.png 855w, https:\/\/kids.l33.hu\/wp-content\/uploads\/2023\/11\/cloud-hotair-balloon-300x225.webp 300w, https:\/\/kids.l33.hu\/wp-content\/uploads\/2023\/11\/cloud-hotair-balloon-768x575.webp 768w\" sizes=\"(max-width: 855px) 100vw, 855px\" \/>\t\t\t\t\t\t\t\t\t\t\t\t\t\t\t<\/div>\n\t\t\t\t<\/div>\n\t\t\t\t\t<\/div>\n\t\t<\/div>\n\t\t\t\t<div class=\"elementor-column elementor-col-50 elementor-top-column elementor-element elementor-element-2c40c1b1\" data-id=\"2c40c1b1\" data-element_type=\"column\" data-e-type=\"column\">\n\t\t\t<div class=\"elementor-widget-wrap elementor-element-populated\">\n\t\t\t\t\t\t<div class=\"elementor-element elementor-element-740da5d2 elementor-widget elementor-widget-heading\" data-id=\"740da5d2\" data-element_type=\"widget\" data-e-type=\"widget\" data-widget_type=\"heading.default\">\n\t\t\t\t<div class=\"elementor-widget-container\">\n\t\t\t\t\t<h2 class=\"elementor-heading-title elementor-size-default\">Dr Adrienn Benk\u0151<\/h2>\t\t\t\t<\/div>\n\t\t\t\t<\/div>\n\t\t\t\t<div class=\"elementor-element elementor-element-4cf4b119 elementor-widget elementor-widget-heading\" data-id=\"4cf4b119\" data-element_type=\"widget\" data-e-type=\"widget\" data-widget_type=\"heading.default\">\n\t\t\t\t<div class=\"elementor-widget-container\">\n\t\t\t\t\t<h3 class=\"elementor-heading-title elementor-size-default\">Gyermekorvos<\/h3>\t\t\t\t<\/div>\n\t\t\t\t<\/div>\n\t\t\t\t<div class=\"elementor-element elementor-element-2ef09994 elementor-widget elementor-widget-image\" data-id=\"2ef09994\" data-element_type=\"widget\" data-e-type=\"widget\" data-widget_type=\"image.default\">\n\t\t\t\t<div class=\"elementor-widget-container\">\n\t\t\t\t\t\t\t\t\t\t\t\t\t\t\t<img loading=\"lazy\" decoding=\"async\" width=\"315\" height=\"26\" src=\"https:\/\/kids.l33.hu\/wp-content\/uploads\/2023\/08\/underline-dot.webp\" class=\"attachment-large size-large wp-image-40\" alt=\"\" srcset=\"https:\/\/kids.l33.hu\/wp-content\/uploads\/2023\/08\/underline-dot.webp 315w, https:\/\/kids.l33.hu\/wp-content\/uploads\/2023\/08\/underline-dot-300x25.webp 300w\" sizes=\"(max-width: 315px) 100vw, 315px\" \/>\t\t\t\t\t\t\t\t\t\t\t\t\t\t\t<\/div>\n\t\t\t\t<\/div>\n\t\t\t\t<div class=\"elementor-element elementor-element-66700ca4 elementor-widget elementor-widget-text-editor\" data-id=\"66700ca4\" data-element_type=\"widget\" data-e-type=\"widget\" data-widget_type=\"text-editor.default\">\n\t\t\t\t<div class=\"elementor-widget-container\">\n\t\t\t\t\t\t\t\t\t<p><span style=\"font-weight: 400;\">2002-ben diplom\u00e1ztam a P\u00e9csi Orvostudom\u00e1nyi Egyetem falai k\u00f6z\u00f6tt. A Szeksz\u00e1rdi Megyei K\u00f3rh\u00e1z gyermekoszt\u00e1ly\u00e1n, majd a P\u00e9terfy S\u00e1ndor utcai K\u00f3rh\u00e1z Korasz\u00fcl\u00f6tt- \u00e9s csecsem\u0151oszt\u00e1ly\u00e1n kezdtem p\u00e1lyafut\u00e1somat. A szakvizsg\u00e1ra k\u00e9sz\u00fcl\u00e9s \u00e9vei alatt a legt\u00f6bb budapesti gyermekgy\u00f3gy\u00edt\u00f3 int\u00e9zm\u00e9nyben szereztem tapasztalatot \u00e9s ismeretet. 2013 \u00f3ta csecsem\u0151- \u00e9s gyermekgy\u00f3gy\u00e1sz szakorvosk\u00e9nt, 2014 \u00f3ta h\u00e1zi gyermekorvosk\u00e9nt dolgozom Buda\u00f6rs\u00f6n. Ebben v\u00e9g\u00fcl megtal\u00e1ltam a helyem: munk\u00e1m a szenved\u00e9lyem, a gyermekek t\u00e1rsas\u00e1ga k\u00fcl\u00f6n \u00f6r\u00f6met okoz nap mint nap. Fontosak sz\u00e1momra az emberi kapcsol\u00f3d\u00e1sok, a nyitott \u00e9s \u00edt\u00e9lkez\u00e9smentes egym\u00e1sra figyel\u00e9s. A kommunik\u00e1ci\u00f3t legal\u00e1bb olyan fontosnak tartom a munk\u00e1mban, mint a korrekt szakmai ell\u00e1t\u00e1st.<\/span><\/p><p><span style=\"font-weight: 400;\">\u00c9rdekl\u0151d\u00e9sem n\u00e9h\u00e1ny \u00e9ve a test-l\u00e9lek kapcsolata \u00e9s \u00f6sszef\u00fcgg\u00e9sei fel\u00e9 is fordult, folyamatos tanul\u00e1sban \u00e9s \u00faton vagyok az \u00f6nismeretben \u00e9s a sz\u00e9lesebb \u00e9rtelemben vett seg\u00edt\u0151v\u00e9 v\u00e1l\u00e1sban. Mindennapjaim szerves r\u00e9sz\u00e9t k\u00e9pezi a zene \u00e9s a j\u00f3ga.. K\u00e9t kamasz gyermekem \u00fatj\u00e1t k\u00eds\u00e9rem.\u00a0<\/span><\/p><p><span style=\"font-weight: 400;\">Nagy \u00f6r\u00f6mmel v\u00e1gtam bele \u00e9letem \u00fajabb kih\u00edv\u00e1s\u00e1ba akkor, amikor Dr. V\u00f6r\u00f6s Ann\u00e1val kar\u00f6ltve az L33 Kids rendel\u0151t meg\u00e1lmodtuk, hogy m\u00e9g t\u00f6bb gyermek sz\u00e1m\u00e1ra tegy\u00fcnk el\u00e9rhet\u0151v\u00e9 sz\u00ednvonalas gyermekgy\u00f3gy\u00e1szati ell\u00e1t\u00e1st!<\/span><\/p>\t\t\t\t\t\t\t\t<\/div>\n\t\t\t\t<\/div>\n\t\t\t\t<div class=\"elementor-element elementor-element-51dd7800 elementor-mobile-align-center elementor-widget elementor-widget-button\" data-id=\"51dd7800\" data-element_type=\"widget\" data-e-type=\"widget\" data-widget_type=\"button.default\">\n\t\t\t\t<div class=\"elementor-widget-container\">\n\t\t\t\t\t\t\t\t\t<div class=\"elementor-button-wrapper\">\n\t\t\t\t\t<a class=\"elementor-button elementor-button-link elementor-size-sm\" href=\"https:\/\/l33kidsmedical.booked4.us\/public\/?CalendarId=1\">\n\t\t\t\t\t\t<span class=\"elementor-button-content-wrapper\">\n\t\t\t\t\t\t\t\t\t<span class=\"elementor-button-text\">Bejelentkezem <\/span>\n\t\t\t\t\t<\/span>\n\t\t\t\t\t<\/a>\n\t\t\t\t<\/div>\n\t\t\t\t\t\t\t\t<\/div>\n\t\t\t\t<\/div>\n\t\t\t\t\t<\/div>\n\t\t<\/div>\n\t\t\t\t\t<\/div>\n\t\t<\/section>\n\t\t\t\t<\/div>","protected":false},"excerpt":{"rendered":"<p>Dr. Benk\u0151 Adrienn Gyermekorvos 2002-ben diplom\u00e1ztam a P\u00e9csi Orvostudom\u00e1nyi Egyetem falai k\u00f6z\u00f6tt. A Szeksz\u00e1rdi Megyei K\u00f3rh\u00e1z gyermekoszt\u00e1ly\u00e1n, majd a P\u00e9terfy S\u00e1ndor utcai K\u00f3rh\u00e1z Korasz\u00fcl\u00f6tt- \u00e9s csecsem\u0151oszt\u00e1ly\u00e1n kezdtem p\u00e1lyafut\u00e1somat. A szakvizsg\u00e1ra k\u00e9sz\u00fcl\u00e9s \u00e9vei alatt a legt\u00f6bb budapesti gyermekgy\u00f3gy\u00edt\u00f3 int\u00e9zm\u00e9nyben szereztem tapasztalatot \u00e9s ismeretet. 2013 \u00f3ta csecsem\u0151- \u00e9s gyermekgy\u00f3gy\u00e1sz szakorvosk\u00e9nt, 2014 \u00f3ta h\u00e1zi gyermekorvosk\u00e9nt dolgozom Buda\u00f6rs\u00f6n. Ebben [&hellip;]<\/p>\n","protected":false},"author":1,"featured_media":999,"parent":0,"menu_order":0,"comment_status":"closed","ping_status":"closed","template":"elementor_canvas","meta":{"footnotes":""},"class_list":["post-318","page","type-page","status-publish","has-post-thumbnail","hentry"],"_links":{"self":[{"href":"https:\/\/kids.l33.hu\/en\/wp-json\/wp\/v2\/pages\/318","targetHints":{"allow":["GET"]}}],"collection":[{"href":"https:\/\/kids.l33.hu\/en\/wp-json\/wp\/v2\/pages"}],"about":[{"href":"https:\/\/kids.l33.hu\/en\/wp-json\/wp\/v2\/types\/page"}],"author":[{"embeddable":true,"href":"https:\/\/kids.l33.hu\/en\/wp-json\/wp\/v2\/users\/1"}],"replies":[{"embeddable":true,"href":"https:\/\/kids.l33.hu\/en\/wp-json\/wp\/v2\/comments?post=318"}],"version-history":[{"count":36,"href":"https:\/\/kids.l33.hu\/en\/wp-json\/wp\/v2\/pages\/318\/revisions"}],"predecessor-version":[{"id":1165,"href":"https:\/\/kids.l33.hu\/en\/wp-json\/wp\/v2\/pages\/318\/revisions\/1165"}],"wp:featuredmedia":[{"embeddable":true,"href":"https:\/\/kids.l33.hu\/en\/wp-json\/wp\/v2\/media\/999"}],"wp:attachment":[{"href":"https:\/\/kids.l33.hu\/en\/wp-json\/wp\/v2\/media?parent=318"}],"curies":[{"name":"wp","href":"https:\/\/api.w.org\/{rel}","templated":true}]}}